{"id":319,"date":"2023-12-26T17:19:41","date_gmt":"2023-12-26T17:19:41","guid":{"rendered":"https:\/\/orientalperfumes.be\/?post_type=product&#038;p=319"},"modified":"2024-12-12T16:01:35","modified_gmt":"2024-12-12T16:01:35","slug":"riqqa-ard-al-zaafaran-unisex-100ml","status":"publish","type":"product","link":"https:\/\/orientalperfumes.be\/ro\/produs\/riqqa-ard-al-zaafaran-unisex-100ml\/","title":{"rendered":"Riqqa, Ard Al Zaafaran, Unisex &#8211; 100ml"},"content":{"rendered":"","protected":false},"excerpt":{"rendered":"<p>Parfum pentru: Amandoi <\/p>\n<p>Cantitate: 100ml<\/p>\n<p>Tip de aplicare: Vaporizator<\/p>\n<p>Tip parfum: Eau de Parfum (EDP)<\/p>\n<p>Brand: <a href=\"\/ro\/category\/ard-al-zaafaran\/\">Ard Al Zaafaran<\/a><\/p>\n<div class=\"topNotes\">\n<p><b>Note de v\u00e2rf:<\/b> Cognac;<\/p>\n<\/div>\n<div class=\"middleNotes\">\n<p><b>Note de mijloc:<\/b> Cinnamon, Tonka beans, Oakmoss;<\/p>\n<\/div>\n<div class=\"basicNotes\">\n<p><b>Note de baza:<\/b> Praline, Vanilla, Sandalwood.<\/p>\n<\/div>\n<p>Riqqa este un parfum captivant unisex, definit de o compozi\u021bie rafinat\u0103 care exploreaz\u0103 armonia dintre notele de v\u00e2rf, de mijloc \u0219i de baz\u0103. Coniacul, prezent \u00een notele de v\u00e2rf, adaug\u0103 o not\u0103 sofisticat\u0103 \u0219i cald\u0103.<\/p>","protected":false},"featured_media":321,"comment_status":"open","ping_status":"closed","template":"","meta":[],"product_brand":[],"product_cat":[30,16,17,18],"product_tag":[58,51,44,269,41,221,270,71,263,39,40,79],"class_list":{"0":"post-319","1":"product","2":"type-product","3":"status-publish","4":"has-post-thumbnail","6":"product_cat-ard-al-zaafaran","7":"product_cat-perfumes-for-men","8":"product_cat-perfumes-for-woman","9":"product_cat-unisex","10":"product_tag-100ml","11":"product_tag-ard-al-zaafaran","12":"product_tag-cinnamon","13":"product_tag-cognac","14":"product_tag-eau-de-parfum-edp","15":"product_tag-oak-moss","16":"product_tag-pralines","17":"product_tag-sandalwood","18":"product_tag-tonka-bean","19":"product_tag-unisex","20":"product_tag-united-arab-emirates-uae","21":"product_tag-vanilla","23":"first","24":"outofstock","25":"sale","26":"taxable","27":"shipping-taxable","28":"purchasable","29":"product-type-simple"},"aioseo_notices":[],"jetpack_sharing_enabled":true,"_links":{"self":[{"href":"https:\/\/orientalperfumes.be\/ro\/wp-json\/wp\/v2\/product\/319","targetHints":{"allow":["GET"]}}],"collection":[{"href":"https:\/\/orientalperfumes.be\/ro\/wp-json\/wp\/v2\/product"}],"about":[{"href":"https:\/\/orientalperfumes.be\/ro\/wp-json\/wp\/v2\/types\/product"}],"replies":[{"embeddable":true,"href":"https:\/\/orientalperfumes.be\/ro\/wp-json\/wp\/v2\/comments?post=319"}],"wp:featuredmedia":[{"embeddable":true,"href":"https:\/\/orientalperfumes.be\/ro\/wp-json\/wp\/v2\/media\/321"}],"wp:attachment":[{"href":"https:\/\/orientalperfumes.be\/ro\/wp-json\/wp\/v2\/media?parent=319"}],"wp:term":[{"taxonomy":"product_brand","embeddable":true,"href":"https:\/\/orientalperfumes.be\/ro\/wp-json\/wp\/v2\/product_brand?post=319"},{"taxonomy":"product_cat","embeddable":true,"href":"https:\/\/orientalperfumes.be\/ro\/wp-json\/wp\/v2\/product_cat?post=319"},{"taxonomy":"product_tag","embeddable":true,"href":"https:\/\/orientalperfumes.be\/ro\/wp-json\/wp\/v2\/product_tag?post=319"}],"curies":[{"name":"wp","href":"https:\/\/api.w.org\/{rel}","templated":true}]}}