{"id":315,"date":"2023-12-26T17:12:42","date_gmt":"2023-12-26T17:12:42","guid":{"rendered":"https:\/\/orientalperfumes.be\/?post_type=product&#038;p=315"},"modified":"2024-12-12T16:01:45","modified_gmt":"2024-12-12T16:01:45","slug":"sabah-al-ward-al-wataniah-for-women-100ml","status":"publish","type":"product","link":"https:\/\/orientalperfumes.be\/ro\/produs\/sabah-al-ward-al-wataniah-for-women-100ml\/","title":{"rendered":"Sabah al Ward, Al Wataniah, For Women &#8211; 100ml"},"content":{"rendered":"","protected":false},"excerpt":{"rendered":"<p>Parfum pentru: Ea <\/p>\n<p>Cantitate: 100ml<\/p>\n<p>Tip de aplicare: Vaporizator<\/p>\n<p>Tip parfum: Eau de Parfum (EDP)<\/p>\n<p>Brand: <a href=\"\/ro\/category\/al-wataniah\/\">Al Wataniah<\/a><\/p>\n<div class=\"topNotes\">\n<p><b>Note de v\u00e2rf:<\/b> tangerine, pink pepper<\/p>\n<\/div>\n<div class=\"middleNotes\">\n<p><b>Note de mijloc:<\/b> cocoa, orange blossom, Sambac jasmine<\/p>\n<\/div>\n<div class=\"basicNotes\">\n<p><b>Note de baza:<\/b> vanilla, tonka beans, patchouli.<\/p>\n<\/div>\n<p>Parfumul oriental cu o puternic\u0103 influen\u021b\u0103 floral\u0103 ofer\u0103 o profunzime perfect\u0103 de mister \u0219i dorin\u021b\u0103 acestui parfum cu adev\u0103rat feminin. Notele de varf pentru acest parfum sunt mandarina si piper roz, in timp ce miezul este format din cacao si floare de portocal urmate de vanilie si boabe de tonka. Str\u0103luce\u0219te cu prospe\u021bimea unui trandafir de diminea\u021b\u0103 acoperit de rou\u0103.<\/p>","protected":false},"featured_media":316,"comment_status":"open","ping_status":"closed","template":"","meta":[],"product_brand":[],"product_cat":[32,17],"product_tag":[58,74,260,41,261,65,182,262,59,263,40,79,76],"class_list":{"0":"post-315","1":"product","2":"type-product","3":"status-publish","4":"has-post-thumbnail","6":"product_cat-al-wataniah","7":"product_cat-perfumes-for-woman","8":"product_tag-100ml","9":"product_tag-al-wataniah","10":"product_tag-cocoa","11":"product_tag-eau-de-parfum-edp","12":"product_tag-orange-blossom","13":"product_tag-patchouli","14":"product_tag-pink-pepper","15":"product_tag-sambac-jasmine","16":"product_tag-tangerine","17":"product_tag-tonka-bean","18":"product_tag-united-arab-emirates-uae","19":"product_tag-vanilla","20":"product_tag-woman","22":"first","23":"outofstock","24":"sale","25":"taxable","26":"shipping-taxable","27":"purchasable","28":"product-type-simple"},"aioseo_notices":[],"jetpack_sharing_enabled":true,"_links":{"self":[{"href":"https:\/\/orientalperfumes.be\/ro\/wp-json\/wp\/v2\/product\/315","targetHints":{"allow":["GET"]}}],"collection":[{"href":"https:\/\/orientalperfumes.be\/ro\/wp-json\/wp\/v2\/product"}],"about":[{"href":"https:\/\/orientalperfumes.be\/ro\/wp-json\/wp\/v2\/types\/product"}],"replies":[{"embeddable":true,"href":"https:\/\/orientalperfumes.be\/ro\/wp-json\/wp\/v2\/comments?post=315"}],"wp:featuredmedia":[{"embeddable":true,"href":"https:\/\/orientalperfumes.be\/ro\/wp-json\/wp\/v2\/media\/316"}],"wp:attachment":[{"href":"https:\/\/orientalperfumes.be\/ro\/wp-json\/wp\/v2\/media?parent=315"}],"wp:term":[{"taxonomy":"product_brand","embeddable":true,"href":"https:\/\/orientalperfumes.be\/ro\/wp-json\/wp\/v2\/product_brand?post=315"},{"taxonomy":"product_cat","embeddable":true,"href":"https:\/\/orientalperfumes.be\/ro\/wp-json\/wp\/v2\/product_cat?post=315"},{"taxonomy":"product_tag","embeddable":true,"href":"https:\/\/orientalperfumes.be\/ro\/wp-json\/wp\/v2\/product_tag?post=315"}],"curies":[{"name":"wp","href":"https:\/\/api.w.org\/{rel}","templated":true}]}}