{"id":305,"date":"2023-12-26T16:58:17","date_gmt":"2023-12-26T16:58:17","guid":{"rendered":"https:\/\/orientalperfumes.be\/?post_type=product&#038;p=305"},"modified":"2025-02-11T20:36:55","modified_gmt":"2025-02-11T20:36:55","slug":"elmira-ard-al-zaafaran-for-woman-80ml","status":"publish","type":"product","link":"https:\/\/orientalperfumes.be\/ro\/produs\/elmira-ard-al-zaafaran-for-woman-80ml\/","title":{"rendered":"Elmira, Ard Al Zaafaran, For Woman &#8211; 80ml"},"content":{"rendered":"","protected":false},"excerpt":{"rendered":"<p>Parfum pentru: Ea <\/p>\n<p>Cantitate: 80ml<\/p>\n<p>Tip de aplicare: Vaporizator<\/p>\n<p>Tip parfum: Eau de Parfum (EDP)<\/p>\n<p>Brand: <a href=\"\/ro\/category\/ard-al-zaafaran\/\">Ard Al Zaafaran<\/a><\/p>\n<div class=\"topNotes\">\n<p><b>Note de v\u00e2rf:<\/b> Grapefruit, Basil;<\/p>\n<\/div>\n<div class=\"middleNotes\">\n<p><b>Note de mijloc:<\/b> Neroli;<\/p>\n<\/div>\n<div class=\"basicNotes\">\n<p><b>Note de baza:<\/b> Cedarwood, Vetiver, Sequoia.<\/p>\n<\/div>\n<p>Parfumul Elmira este o adevarata calatorie olfactiva, incepand cu o nota de varf vibranta de grapefruit si busuioc, care confera prospetime si vitalitate. Pe m\u0103sur\u0103 ce parfumul se dezvolt\u0103, notele de mijloc de neroli intr\u0103 \u00een joc, aduc\u00e2nd un echilibru subtil \u00eentre prospe\u021bime \u0219i floare.<\/p>","protected":false},"featured_media":306,"comment_status":"open","ping_status":"closed","template":"","meta":[],"product_brand":[],"product_cat":[30,17],"product_tag":[250,51,163,165,41,196,129,251,40,54,76],"class_list":{"0":"post-305","1":"product","2":"type-product","3":"status-publish","4":"has-post-thumbnail","6":"product_cat-ard-al-zaafaran","7":"product_cat-perfumes-for-woman","8":"product_tag-80ml","9":"product_tag-ard-al-zaafaran","10":"product_tag-basil","11":"product_tag-cedarwood","12":"product_tag-eau-de-parfum-edp","13":"product_tag-grapefruit","14":"product_tag-neroli","15":"product_tag-sequoia","16":"product_tag-united-arab-emirates-uae","17":"product_tag-vetiver","18":"product_tag-woman","20":"first","21":"outofstock","22":"sale","23":"taxable","24":"shipping-taxable","25":"purchasable","26":"product-type-simple"},"aioseo_notices":[],"jetpack_sharing_enabled":true,"_links":{"self":[{"href":"https:\/\/orientalperfumes.be\/ro\/wp-json\/wp\/v2\/product\/305","targetHints":{"allow":["GET"]}}],"collection":[{"href":"https:\/\/orientalperfumes.be\/ro\/wp-json\/wp\/v2\/product"}],"about":[{"href":"https:\/\/orientalperfumes.be\/ro\/wp-json\/wp\/v2\/types\/product"}],"replies":[{"embeddable":true,"href":"https:\/\/orientalperfumes.be\/ro\/wp-json\/wp\/v2\/comments?post=305"}],"wp:featuredmedia":[{"embeddable":true,"href":"https:\/\/orientalperfumes.be\/ro\/wp-json\/wp\/v2\/media\/306"}],"wp:attachment":[{"href":"https:\/\/orientalperfumes.be\/ro\/wp-json\/wp\/v2\/media?parent=305"}],"wp:term":[{"taxonomy":"product_brand","embeddable":true,"href":"https:\/\/orientalperfumes.be\/ro\/wp-json\/wp\/v2\/product_brand?post=305"},{"taxonomy":"product_cat","embeddable":true,"href":"https:\/\/orientalperfumes.be\/ro\/wp-json\/wp\/v2\/product_cat?post=305"},{"taxonomy":"product_tag","embeddable":true,"href":"https:\/\/orientalperfumes.be\/ro\/wp-json\/wp\/v2\/product_tag?post=305"}],"curies":[{"name":"wp","href":"https:\/\/api.w.org\/{rel}","templated":true}]}}