{"id":301,"date":"2023-12-26T16:49:59","date_gmt":"2023-12-26T16:49:59","guid":{"rendered":"https:\/\/orientalperfumes.be\/?post_type=product&#038;p=301"},"modified":"2025-02-11T20:37:01","modified_gmt":"2025-02-11T20:37:01","slug":"watani-noir-al-wataniah-unisex-100ml","status":"publish","type":"product","link":"https:\/\/orientalperfumes.be\/ro\/produs\/watani-noir-al-wataniah-unisex-100ml\/","title":{"rendered":"Watani Noir, Al Wataniah, Unisex &#8211; 100ml"},"content":{"rendered":"","protected":false},"excerpt":{"rendered":"<p>Parfum pentru: Amandoi <\/p>\n<p>Cantitate: 100ml<\/p>\n<p>Tip de aplicare: Vaporizator<\/p>\n<p>Tip parfum: Eau de Parfum (EDP)<\/p>\n<p>Brand: <a href=\"\/ro\/category\/al-wataniah\/\">Al Wataniah<\/a><\/p>\n<div class=\"topNotes\">\n<p><b>Note de v\u00e2rf:<\/b> Saffron, Geranium, Bergamot;<\/p>\n<\/div>\n<div class=\"middleNotes\">\n<p><b>Note de mijloc:<\/b> Rose, Leather notes, Lily of the valley;<\/p>\n<\/div>\n<div class=\"basicNotes\">\n<p><b>Note de baza:<\/b> Oud, Musk, Woody notes.<\/p>\n<\/div>\n<p>Watani Noir este un parfum special unisex, cu o deschidere \u00eendr\u0103znea\u021b\u0103 \u0219i captivant\u0103 dat\u0103 de notele de v\u00e2rf de \u0219ofran, mu\u0219cate \u0219i bergamot\u0103. Aceast\u0103 combina\u021bie aromatic\u0103 ofer\u0103 un \u00eenceput proasp\u0103t \u0219i rafinat, capt\u00e2nd imediat aten\u021bia \u0219i cre\u00e2nd o impresie puternic\u0103.<\/p>\n<p>\u00cen mijlocul compozi\u021biei, parfumul se dezv\u0103luie cu arome de trandafir, note de piele \u0219i nuferi. Aceste note adaug\u0103 profunzime \u0219i senzualitate parfumului, cre\u00e2nd o inim\u0103 floral\u0103 \u0219i intens\u0103.<\/p>","protected":false},"featured_media":302,"comment_status":"open","ping_status":"closed","template":"","meta":[],"product_brand":[],"product_cat":[32,16,17,18],"product_tag":[58,74,67,41,45,246,212,49,73,46,62,39,40,111],"class_list":{"0":"post-301","1":"product","2":"type-product","3":"status-publish","4":"has-post-thumbnail","6":"product_cat-al-wataniah","7":"product_cat-perfumes-for-men","8":"product_cat-perfumes-for-woman","9":"product_cat-unisex","10":"product_tag-100ml","11":"product_tag-al-wataniah","12":"product_tag-bergamot","13":"product_tag-eau-de-parfum-edp","14":"product_tag-geranium","15":"product_tag-leather-notes","16":"product_tag-lily-of-the-valley","17":"product_tag-musk","18":"product_tag-oud","19":"product_tag-rose","20":"product_tag-saffron","21":"product_tag-unisex","22":"product_tag-united-arab-emirates-uae","23":"product_tag-woody-notes","25":"first","26":"outofstock","27":"sale","28":"taxable","29":"shipping-taxable","30":"purchasable","31":"product-type-simple"},"aioseo_notices":[],"jetpack_sharing_enabled":true,"_links":{"self":[{"href":"https:\/\/orientalperfumes.be\/ro\/wp-json\/wp\/v2\/product\/301","targetHints":{"allow":["GET"]}}],"collection":[{"href":"https:\/\/orientalperfumes.be\/ro\/wp-json\/wp\/v2\/product"}],"about":[{"href":"https:\/\/orientalperfumes.be\/ro\/wp-json\/wp\/v2\/types\/product"}],"replies":[{"embeddable":true,"href":"https:\/\/orientalperfumes.be\/ro\/wp-json\/wp\/v2\/comments?post=301"}],"wp:featuredmedia":[{"embeddable":true,"href":"https:\/\/orientalperfumes.be\/ro\/wp-json\/wp\/v2\/media\/302"}],"wp:attachment":[{"href":"https:\/\/orientalperfumes.be\/ro\/wp-json\/wp\/v2\/media?parent=301"}],"wp:term":[{"taxonomy":"product_brand","embeddable":true,"href":"https:\/\/orientalperfumes.be\/ro\/wp-json\/wp\/v2\/product_brand?post=301"},{"taxonomy":"product_cat","embeddable":true,"href":"https:\/\/orientalperfumes.be\/ro\/wp-json\/wp\/v2\/product_cat?post=301"},{"taxonomy":"product_tag","embeddable":true,"href":"https:\/\/orientalperfumes.be\/ro\/wp-json\/wp\/v2\/product_tag?post=301"}],"curies":[{"name":"wp","href":"https:\/\/api.w.org\/{rel}","templated":true}]}}