{"id":260,"date":"2023-12-26T15:00:45","date_gmt":"2023-12-26T15:00:45","guid":{"rendered":"https:\/\/orientalperfumes.be\/?post_type=product&#038;p=260"},"modified":"2024-12-12T16:03:05","modified_gmt":"2024-12-12T16:03:05","slug":"oud-mystery-intense-al-wataniah-for-men-100ml","status":"publish","type":"product","link":"https:\/\/orientalperfumes.be\/ro\/produs\/oud-mystery-intense-al-wataniah-for-men-100ml\/","title":{"rendered":"Oud Mystery Intense, Al Wataniah, For Men &#8211; 100ml"},"content":{"rendered":"","protected":false},"excerpt":{"rendered":"<p>Parfum pentru: El <\/p>\n<p>Cantitate: 100ml<\/p>\n<p>Tip de aplicare: Vaporizator<\/p>\n<p>Tip parfum: Eau de Parfum (EDP)<\/p>\n<p>Brand: <a href=\"\/ro\/category\/al-wataniah\/\">Al Wataniah<\/a><\/p>\n<div class=\"topNotes\">\n<p><b>Note de v\u00e2rf:<\/b> Saffron, Nutmeg, Lavender;<\/p>\n<\/div>\n<div class=\"middleNotes\">\n<p><b>Note de mijloc:<\/b> Oud;<\/p>\n<\/div>\n<div class=\"basicNotes\">\n<p><b>Note de baza:<\/b> Patchouli, Musk.<\/p>\n<\/div>\n<p>Oud Mystery Intense este un parfum barbatesc cu o compozitie deosebita, in care se regasesc note vibrante de sofran, nucsoara si lavanda. \u00cen mijlocul compozi\u021biei, lemnul de agar (oud) adaug\u0103 o not\u0103 distins\u0103 \u0219i intens\u0103, complet\u00e2nd armonios parfumul. La baza sa, notele de paciuli si mosc aduc o senzatie de profunzime si eleganta.<\/p>","protected":false},"featured_media":261,"comment_status":"open","ping_status":"closed","template":"","meta":[],"product_brand":[],"product_cat":[32,16],"product_tag":[58,74,41,70,160,49,187,73,65,62,40],"class_list":{"0":"post-260","1":"product","2":"type-product","3":"status-publish","4":"has-post-thumbnail","6":"product_cat-al-wataniah","7":"product_cat-perfumes-for-men","8":"product_tag-100ml","9":"product_tag-al-wataniah","10":"product_tag-eau-de-parfum-edp","11":"product_tag-lavender","12":"product_tag-man","13":"product_tag-musk","14":"product_tag-nutmeg","15":"product_tag-oud","16":"product_tag-patchouli","17":"product_tag-saffron","18":"product_tag-united-arab-emirates-uae","20":"first","21":"outofstock","22":"sale","23":"taxable","24":"shipping-taxable","25":"purchasable","26":"product-type-simple"},"aioseo_notices":[],"jetpack_sharing_enabled":true,"_links":{"self":[{"href":"https:\/\/orientalperfumes.be\/ro\/wp-json\/wp\/v2\/product\/260","targetHints":{"allow":["GET"]}}],"collection":[{"href":"https:\/\/orientalperfumes.be\/ro\/wp-json\/wp\/v2\/product"}],"about":[{"href":"https:\/\/orientalperfumes.be\/ro\/wp-json\/wp\/v2\/types\/product"}],"replies":[{"embeddable":true,"href":"https:\/\/orientalperfumes.be\/ro\/wp-json\/wp\/v2\/comments?post=260"}],"wp:featuredmedia":[{"embeddable":true,"href":"https:\/\/orientalperfumes.be\/ro\/wp-json\/wp\/v2\/media\/261"}],"wp:attachment":[{"href":"https:\/\/orientalperfumes.be\/ro\/wp-json\/wp\/v2\/media?parent=260"}],"wp:term":[{"taxonomy":"product_brand","embeddable":true,"href":"https:\/\/orientalperfumes.be\/ro\/wp-json\/wp\/v2\/product_brand?post=260"},{"taxonomy":"product_cat","embeddable":true,"href":"https:\/\/orientalperfumes.be\/ro\/wp-json\/wp\/v2\/product_cat?post=260"},{"taxonomy":"product_tag","embeddable":true,"href":"https:\/\/orientalperfumes.be\/ro\/wp-json\/wp\/v2\/product_tag?post=260"}],"curies":[{"name":"wp","href":"https:\/\/api.w.org\/{rel}","templated":true}]}}