{"id":235,"date":"2023-12-26T13:01:51","date_gmt":"2023-12-26T13:01:51","guid":{"rendered":"https:\/\/orientalperfumes.be\/?post_type=product&#038;p=235"},"modified":"2024-12-12T16:04:03","modified_gmt":"2024-12-12T16:04:03","slug":"mithqal-ard-al-zaafaran-unisex-100ml","status":"publish","type":"product","link":"https:\/\/orientalperfumes.be\/ro\/produs\/mithqal-ard-al-zaafaran-unisex-100ml\/","title":{"rendered":"Mithqal, Ard Al Zaafaran, Unisex &#8211; 100ml"},"content":{"rendered":"","protected":false},"excerpt":{"rendered":"<p>Parfum pentru: Amandoi <\/p>\n<p>Cantitate: 100ml<\/p>\n<p>Tip de aplicare: Vaporizator<\/p>\n<p>Tip parfum: Eau de Parfum (EDP)<\/p>\n<p>Brand: <a href=\"\/ro\/eticheta-produs\/ard-al-zaafaran\/\">Ard al Zaafaran<\/a><\/p>\n<div class=\"topNotes\">\n<p><b>Note de v\u00e2rf:<\/b> bergamot, sea water, rose<\/p>\n<\/div>\n<div class=\"middleNotes\">\n<p><b>Note de mijloc:<\/b> hibiscus, lily, rose<\/p>\n<\/div>\n<div class=\"basicNotes\">\n<p><b>Note de baza:<\/b> amber, mango, musk<\/p>\n<\/div>\n<p>Mithqal este un parfum unisex cu o arom\u0103 cald\u0103, dulce \u0219i neted\u0103, \u00eennobilat de note de mosc \u0219i hibiscus, crin \u0219i petale de trandafir.<\/p>\n<p>\u00cencepe proasp\u0103t cu bergamot\u0103 \u0219i note acvatice, apoi se transform\u0103 \u00eentr-o pleiad\u0103 floral\u0103 fantastic\u0103!<\/p>\n<p>Notele de mango de la baza il transforma intr-un parfum usor gurmand.<\/p>","protected":false},"featured_media":236,"comment_status":"open","ping_status":"closed","template":"","meta":[],"product_brand":[],"product_cat":[30,16,17,18],"product_tag":[58,66,51,67,41,95,96,97,49,46,39,40],"class_list":{"0":"post-235","1":"product","2":"type-product","3":"status-publish","4":"has-post-thumbnail","6":"product_cat-ard-al-zaafaran","7":"product_cat-perfumes-for-men","8":"product_cat-perfumes-for-woman","9":"product_cat-unisex","10":"product_tag-100ml","11":"product_tag-amber","12":"product_tag-ard-al-zaafaran","13":"product_tag-bergamot","14":"product_tag-eau-de-parfum-edp","15":"product_tag-hibiscus","16":"product_tag-lily","17":"product_tag-mango","18":"product_tag-musk","19":"product_tag-rose","20":"product_tag-unisex","21":"product_tag-united-arab-emirates-uae","23":"first","24":"outofstock","25":"sale","26":"taxable","27":"shipping-taxable","28":"purchasable","29":"product-type-simple"},"aioseo_notices":[],"jetpack_sharing_enabled":true,"_links":{"self":[{"href":"https:\/\/orientalperfumes.be\/ro\/wp-json\/wp\/v2\/product\/235","targetHints":{"allow":["GET"]}}],"collection":[{"href":"https:\/\/orientalperfumes.be\/ro\/wp-json\/wp\/v2\/product"}],"about":[{"href":"https:\/\/orientalperfumes.be\/ro\/wp-json\/wp\/v2\/types\/product"}],"replies":[{"embeddable":true,"href":"https:\/\/orientalperfumes.be\/ro\/wp-json\/wp\/v2\/comments?post=235"}],"wp:featuredmedia":[{"embeddable":true,"href":"https:\/\/orientalperfumes.be\/ro\/wp-json\/wp\/v2\/media\/236"}],"wp:attachment":[{"href":"https:\/\/orientalperfumes.be\/ro\/wp-json\/wp\/v2\/media?parent=235"}],"wp:term":[{"taxonomy":"product_brand","embeddable":true,"href":"https:\/\/orientalperfumes.be\/ro\/wp-json\/wp\/v2\/product_brand?post=235"},{"taxonomy":"product_cat","embeddable":true,"href":"https:\/\/orientalperfumes.be\/ro\/wp-json\/wp\/v2\/product_cat?post=235"},{"taxonomy":"product_tag","embeddable":true,"href":"https:\/\/orientalperfumes.be\/ro\/wp-json\/wp\/v2\/product_tag?post=235"}],"curies":[{"name":"wp","href":"https:\/\/api.w.org\/{rel}","templated":true}]}}