{"id":214,"date":"2023-12-25T22:29:15","date_gmt":"2023-12-25T22:29:15","guid":{"rendered":"https:\/\/orientalperfumes.be\/?post_type=product&#038;p=214"},"modified":"2024-12-12T16:04:42","modified_gmt":"2024-12-12T16:04:42","slug":"jazzab-silver-ard-al-zaafaran-for-men-100ml","status":"publish","type":"product","link":"https:\/\/orientalperfumes.be\/ro\/produs\/jazzab-silver-ard-al-zaafaran-for-men-100ml\/","title":{"rendered":"Jazzab Silver, Ard Al Zaafaran, For men &#8211; 100ml"},"content":{"rendered":"","protected":false},"excerpt":{"rendered":"<p>Parfum pentru: El<\/p>\n<p><strong>Cantitate:<\/strong>&nbsp;100 ml<\/p>\n<p>Tip de aplicare: Vaporizator<\/p>\n<p>Tip de parfum: Eau de Parfum (EDP)<\/p>\n<p>Brand: <a href=\"\/ro\/eticheta-produs\/ard-al-zaafaran\/\">Ard al Zaafaran<\/a><\/p>\n<div class=\"topNotes\">\n<p><b>Note de v\u00e2rf:<\/b> Vetiver, tea leaves;<\/p>\n<\/div>\n<div class=\"middleNotes\">\n<p><b>Note de mijloc:<\/b> Cedar wood, Yemen incense;<\/p>\n<\/div>\n<div class=\"basicNotes\">\n<p><b>Note de baza:<\/b> Lime, Vetiver.<\/p>\n<\/div>\n<p>\u00ce\u021bi plac parfumurile proaspete?<br \/>\nAtunci Jazzab Silver este pentru tine!<br \/>\nO explozie de ingrediente proaspete, \u021besute \u00eentr-o arom\u0103 masculin\u0103 casual care v\u0103 va oferi claritate \u0219i vitalitate!<\/p>\n<p>Jazzab Silver te \u00eenv\u0103luie cu note proaspete de tei, vetiver \u0219i frunze de ceai, \u00eembun\u0103t\u0103\u021bite de t\u0103m\u00e2ie yemenit\u0103 \u0219i lemn de cedru care \u00eei confer\u0103 o not\u0103 oriental\u0103.<\/p>","protected":false},"featured_media":215,"comment_status":"open","ping_status":"closed","template":"","meta":[],"product_brand":[],"product_cat":[30,16],"product_tag":[38,51,48,41,52,56,53,40,54,55],"class_list":{"0":"post-214","1":"product","2":"type-product","3":"status-publish","4":"has-post-thumbnail","6":"product_cat-ard-al-zaafaran","7":"product_cat-perfumes-for-men","8":"product_tag-quantity-100-ml","9":"product_tag-ard-al-zaafaran","10":"product_tag-cedar-wood","11":"product_tag-eau-de-parfum-edp","12":"product_tag-for-men","13":"product_tag-lime","14":"product_tag-tea-leaves","15":"product_tag-united-arab-emirates-uae","16":"product_tag-vetiver","17":"product_tag-yemen-incense","19":"first","20":"outofstock","21":"sale","22":"taxable","23":"shipping-taxable","24":"purchasable","25":"product-type-simple"},"aioseo_notices":[],"jetpack_sharing_enabled":true,"_links":{"self":[{"href":"https:\/\/orientalperfumes.be\/ro\/wp-json\/wp\/v2\/product\/214","targetHints":{"allow":["GET"]}}],"collection":[{"href":"https:\/\/orientalperfumes.be\/ro\/wp-json\/wp\/v2\/product"}],"about":[{"href":"https:\/\/orientalperfumes.be\/ro\/wp-json\/wp\/v2\/types\/product"}],"replies":[{"embeddable":true,"href":"https:\/\/orientalperfumes.be\/ro\/wp-json\/wp\/v2\/comments?post=214"}],"wp:featuredmedia":[{"embeddable":true,"href":"https:\/\/orientalperfumes.be\/ro\/wp-json\/wp\/v2\/media\/215"}],"wp:attachment":[{"href":"https:\/\/orientalperfumes.be\/ro\/wp-json\/wp\/v2\/media?parent=214"}],"wp:term":[{"taxonomy":"product_brand","embeddable":true,"href":"https:\/\/orientalperfumes.be\/ro\/wp-json\/wp\/v2\/product_brand?post=214"},{"taxonomy":"product_cat","embeddable":true,"href":"https:\/\/orientalperfumes.be\/ro\/wp-json\/wp\/v2\/product_cat?post=214"},{"taxonomy":"product_tag","embeddable":true,"href":"https:\/\/orientalperfumes.be\/ro\/wp-json\/wp\/v2\/product_tag?post=214"}],"curies":[{"name":"wp","href":"https:\/\/api.w.org\/{rel}","templated":true}]}}