{"id":324,"date":"2023-12-26T17:28:37","date_gmt":"2023-12-26T17:28:37","guid":{"rendered":"https:\/\/orientalperfumes.be\/?post_type=product&#038;p=324"},"modified":"2024-12-12T16:01:12","modified_gmt":"2024-12-12T16:01:12","slug":"crystal-black-ard-al-zaafaran-unisex-100ml","status":"publish","type":"product","link":"https:\/\/orientalperfumes.be\/fr\/produit\/crystal-black-ard-al-zaafaran-unisex-100ml\/","title":{"rendered":"Crystal Black, Ard Al Zaafaran, Unisex &#8211; 100ml"},"content":{"rendered":"","protected":false},"excerpt":{"rendered":"<p>Parfum pour\u00a0:\u00a0Les deux <\/p>\n<p>Quantit\u00e9 : 100 ml<\/p>\n<p>Type d'application : Vaporisateur<\/p>\n<p>Type de parfum : Eau de Parfum (EDP)<\/p>\n<p>Brand: <a href=\"\/fr\/category\/ard-al-zaafaran\/\">Ard al Zaafaran<\/a><\/p>\n<div class=\"topNotes\">\n<p><b>Notes de t\u00eate :<\/b> Grapefruit, Juniper, Mandarin, Bergamot<\/p>\n<\/div>\n<div class=\"middleNotes\">\n<p><b>Notes de c\u0153ur\u00a0:<\/b> Rosewood, Pepper, Rosemary<\/p>\n<\/div>\n<div class=\"basicNotes\">\n<p><b>Notes de fond\u00a0:<\/b> White musk, Oakmoss, Incense<\/p>\n<\/div>\n<p>Swarovski Black est un parfum aromatique \u00e9pic\u00e9 aux notes d'agrumes, de musc et d'orient.<\/p>\n<p>Il commence par des notes d'agrumes et l'ar\u00f4me fascinant du gen\u00e9vrier, puis on sent l'ar\u00f4me incomparable du bois de santal saupoudr\u00e9 de poivre et de romarin et se d\u00e9pose sur une base de mousse infus\u00e9e d'ar\u00f4mes d'encens et de muscade.<\/p>","protected":false},"featured_media":325,"comment_status":"open","ping_status":"closed","template":"","meta":[],"product_brand":[],"product_cat":[30,16,17,18],"product_tag":[58,51,67,41,196,221,274,130,275,59,39,40,72],"class_list":{"0":"post-324","1":"product","2":"type-product","3":"status-publish","4":"has-post-thumbnail","6":"product_cat-ard-al-zaafaran","7":"product_cat-perfumes-for-men","8":"product_cat-perfumes-for-woman","9":"product_cat-unisex","10":"product_tag-100ml","11":"product_tag-ard-al-zaafaran","12":"product_tag-bergamot","13":"product_tag-eau-de-parfum-edp","14":"product_tag-grapefruit","15":"product_tag-oak-moss","16":"product_tag-pepper","17":"product_tag-rosemary","18":"product_tag-rosewood","19":"product_tag-tangerine","20":"product_tag-unisex","21":"product_tag-united-arab-emirates-uae","22":"product_tag-white-musk","24":"first","25":"outofstock","26":"sale","27":"taxable","28":"shipping-taxable","29":"purchasable","30":"product-type-simple"},"aioseo_notices":[],"jetpack_sharing_enabled":true,"_links":{"self":[{"href":"https:\/\/orientalperfumes.be\/fr\/wp-json\/wp\/v2\/product\/324","targetHints":{"allow":["GET"]}}],"collection":[{"href":"https:\/\/orientalperfumes.be\/fr\/wp-json\/wp\/v2\/product"}],"about":[{"href":"https:\/\/orientalperfumes.be\/fr\/wp-json\/wp\/v2\/types\/product"}],"replies":[{"embeddable":true,"href":"https:\/\/orientalperfumes.be\/fr\/wp-json\/wp\/v2\/comments?post=324"}],"wp:featuredmedia":[{"embeddable":true,"href":"https:\/\/orientalperfumes.be\/fr\/wp-json\/wp\/v2\/media\/325"}],"wp:attachment":[{"href":"https:\/\/orientalperfumes.be\/fr\/wp-json\/wp\/v2\/media?parent=324"}],"wp:term":[{"taxonomy":"product_brand","embeddable":true,"href":"https:\/\/orientalperfumes.be\/fr\/wp-json\/wp\/v2\/product_brand?post=324"},{"taxonomy":"product_cat","embeddable":true,"href":"https:\/\/orientalperfumes.be\/fr\/wp-json\/wp\/v2\/product_cat?post=324"},{"taxonomy":"product_tag","embeddable":true,"href":"https:\/\/orientalperfumes.be\/fr\/wp-json\/wp\/v2\/product_tag?post=324"}],"curies":[{"name":"wp","href":"https:\/\/api.w.org\/{rel}","templated":true}]}}