{"id":315,"date":"2023-12-26T17:12:42","date_gmt":"2023-12-26T17:12:42","guid":{"rendered":"https:\/\/orientalperfumes.be\/?post_type=product&#038;p=315"},"modified":"2024-12-12T16:01:45","modified_gmt":"2024-12-12T16:01:45","slug":"sabah-al-ward-al-wataniah-for-women-100ml","status":"publish","type":"product","link":"https:\/\/orientalperfumes.be\/fr\/produit\/sabah-al-ward-al-wataniah-for-women-100ml\/","title":{"rendered":"Sabah al Ward, Al Wataniah, For Women &#8211; 100ml"},"content":{"rendered":"","protected":false},"excerpt":{"rendered":"<p>Parfum pour : Elle <\/p>\n<p>Quantit\u00e9 : 100 ml<\/p>\n<p>Type d'application : Vaporisateur<\/p>\n<p>Type of fragrance: Eau de Parfum (EDP)<\/p>\n<p>Brand: <a href=\"\/fr\/category\/al-wataniah\/\">Al Wataniah<\/a><\/p>\n<div class=\"topNotes\">\n<p><b>Notes de t\u00eate :<\/b> tangerine, pink pepper<\/p>\n<\/div>\n<div class=\"middleNotes\">\n<p><b>Notes de c\u0153ur\u00a0:<\/b> cocoa, orange blossom, Sambac jasmine<\/p>\n<\/div>\n<div class=\"basicNotes\">\n<p><b>Notes de fond\u00a0:<\/b> vanilla, tonka beans, patchouli.<\/p>\n<\/div>\n<p>Un parfum oriental \u00e0 forte influence florale donne une parfaite profondeur de myst\u00e8re et de d\u00e9sir \u00e0 ce parfum v\u00e9ritablement f\u00e9minin. Les notes de t\u00eate de ce parfum sont la mandarine et le poivre rose, tandis que le c\u0153ur se compose de cacao et de fleur d'oranger suivis de vanille et de f\u00e8ve tonka. Il brille de la fra\u00eecheur d'une rose du matin couverte de ros\u00e9e.<\/p>","protected":false},"featured_media":316,"comment_status":"open","ping_status":"closed","template":"","meta":[],"product_brand":[],"product_cat":[32,17],"product_tag":[58,74,260,41,261,65,182,262,59,263,40,79,76],"class_list":{"0":"post-315","1":"product","2":"type-product","3":"status-publish","4":"has-post-thumbnail","6":"product_cat-al-wataniah","7":"product_cat-perfumes-for-woman","8":"product_tag-100ml","9":"product_tag-al-wataniah","10":"product_tag-cocoa","11":"product_tag-eau-de-parfum-edp","12":"product_tag-orange-blossom","13":"product_tag-patchouli","14":"product_tag-pink-pepper","15":"product_tag-sambac-jasmine","16":"product_tag-tangerine","17":"product_tag-tonka-bean","18":"product_tag-united-arab-emirates-uae","19":"product_tag-vanilla","20":"product_tag-woman","22":"first","23":"outofstock","24":"sale","25":"taxable","26":"shipping-taxable","27":"purchasable","28":"product-type-simple"},"aioseo_notices":[],"jetpack_sharing_enabled":true,"_links":{"self":[{"href":"https:\/\/orientalperfumes.be\/fr\/wp-json\/wp\/v2\/product\/315","targetHints":{"allow":["GET"]}}],"collection":[{"href":"https:\/\/orientalperfumes.be\/fr\/wp-json\/wp\/v2\/product"}],"about":[{"href":"https:\/\/orientalperfumes.be\/fr\/wp-json\/wp\/v2\/types\/product"}],"replies":[{"embeddable":true,"href":"https:\/\/orientalperfumes.be\/fr\/wp-json\/wp\/v2\/comments?post=315"}],"wp:featuredmedia":[{"embeddable":true,"href":"https:\/\/orientalperfumes.be\/fr\/wp-json\/wp\/v2\/media\/316"}],"wp:attachment":[{"href":"https:\/\/orientalperfumes.be\/fr\/wp-json\/wp\/v2\/media?parent=315"}],"wp:term":[{"taxonomy":"product_brand","embeddable":true,"href":"https:\/\/orientalperfumes.be\/fr\/wp-json\/wp\/v2\/product_brand?post=315"},{"taxonomy":"product_cat","embeddable":true,"href":"https:\/\/orientalperfumes.be\/fr\/wp-json\/wp\/v2\/product_cat?post=315"},{"taxonomy":"product_tag","embeddable":true,"href":"https:\/\/orientalperfumes.be\/fr\/wp-json\/wp\/v2\/product_tag?post=315"}],"curies":[{"name":"wp","href":"https:\/\/api.w.org\/{rel}","templated":true}]}}