{"id":310,"date":"2023-12-26T17:06:37","date_gmt":"2023-12-26T17:06:37","guid":{"rendered":"https:\/\/orientalperfumes.be\/?post_type=product&#038;p=310"},"modified":"2024-12-12T16:01:56","modified_gmt":"2024-12-12T16:01:56","slug":"extreme-musk-louis-varel-unisex-100ml","status":"publish","type":"product","link":"https:\/\/orientalperfumes.be\/fr\/produit\/extreme-musk-louis-varel-unisex-100ml\/","title":{"rendered":"Extreme Musk, Louis Varel, Unisex &#8211; 100ml"},"content":{"rendered":"","protected":false},"excerpt":{"rendered":"<p>Parfum pour : Elle <\/p>\n<p>Quantit\u00e9 : 100 ml<\/p>\n<p>Type d'application : Vaporisateur<\/p>\n<p>Type of fragrance: Eau de Parfum (EDP)<\/p>\n<p>Brand: <a href=\"\/fr\/category\/louis-varel\/\">Louis Varel<\/a><\/p>\n<div class=\"topNotes\">\n<p><b>Notes de t\u00eate :<\/b> Lily Of The Valley, Caramel, Ginger;<\/p>\n<\/div>\n<div class=\"middleNotes\">\n<p><b>Notes de c\u0153ur\u00a0:<\/b> Rose, Sandalwood, Benzoin, Patchouli;<\/p>\n<\/div>\n<div class=\"basicNotes\">\n<p><b>Notes de fond\u00a0:<\/b> Ambergris, Benzoin, Oud, Musk and Vanilla.<\/p>\n<\/div>\n<p>Un parfum irr\u00e9sistible aux profondes nuances musqu\u00e9es, l'arme secr\u00e8te des conqu\u00e9rants et des passionn\u00e9s.<\/p>\n<p>Le musc onctueux est soulign\u00e9 et sublim\u00e9 par de douces notes de vanille, de caramel et de bois de santal, dynamis\u00e9es par des notes de patchouli et de gingembre et rehauss\u00e9es par la pr\u00e9sence de oud.<\/p>","protected":false},"featured_media":312,"comment_status":"open","ping_status":"closed","template":"","meta":[],"product_brand":[],"product_cat":[31,16,17,18],"product_tag":[58,66,184,63,41,180,96,57,49,73,65,46,71,40,79,76],"class_list":{"0":"post-310","1":"product","2":"type-product","3":"status-publish","4":"has-post-thumbnail","6":"product_cat-louis-varel","7":"product_cat-perfumes-for-men","8":"product_cat-perfumes-for-woman","9":"product_cat-unisex","10":"product_tag-100ml","11":"product_tag-amber","12":"product_tag-benzoin","13":"product_tag-caramel","14":"product_tag-eau-de-parfum-edp","15":"product_tag-ginger","16":"product_tag-lily","17":"product_tag-louis-varel","18":"product_tag-musk","19":"product_tag-oud","20":"product_tag-patchouli","21":"product_tag-rose","22":"product_tag-sandalwood","23":"product_tag-united-arab-emirates-uae","24":"product_tag-vanilla","25":"product_tag-woman","27":"first","28":"outofstock","29":"sale","30":"taxable","31":"shipping-taxable","32":"purchasable","33":"product-type-simple"},"aioseo_notices":[],"jetpack_sharing_enabled":true,"_links":{"self":[{"href":"https:\/\/orientalperfumes.be\/fr\/wp-json\/wp\/v2\/product\/310","targetHints":{"allow":["GET"]}}],"collection":[{"href":"https:\/\/orientalperfumes.be\/fr\/wp-json\/wp\/v2\/product"}],"about":[{"href":"https:\/\/orientalperfumes.be\/fr\/wp-json\/wp\/v2\/types\/product"}],"replies":[{"embeddable":true,"href":"https:\/\/orientalperfumes.be\/fr\/wp-json\/wp\/v2\/comments?post=310"}],"wp:featuredmedia":[{"embeddable":true,"href":"https:\/\/orientalperfumes.be\/fr\/wp-json\/wp\/v2\/media\/312"}],"wp:attachment":[{"href":"https:\/\/orientalperfumes.be\/fr\/wp-json\/wp\/v2\/media?parent=310"}],"wp:term":[{"taxonomy":"product_brand","embeddable":true,"href":"https:\/\/orientalperfumes.be\/fr\/wp-json\/wp\/v2\/product_brand?post=310"},{"taxonomy":"product_cat","embeddable":true,"href":"https:\/\/orientalperfumes.be\/fr\/wp-json\/wp\/v2\/product_cat?post=310"},{"taxonomy":"product_tag","embeddable":true,"href":"https:\/\/orientalperfumes.be\/fr\/wp-json\/wp\/v2\/product_tag?post=310"}],"curies":[{"name":"wp","href":"https:\/\/api.w.org\/{rel}","templated":true}]}}