{"id":292,"date":"2023-12-26T16:04:01","date_gmt":"2023-12-26T16:04:01","guid":{"rendered":"https:\/\/orientalperfumes.be\/?post_type=product&#038;p=292"},"modified":"2025-02-11T20:37:16","modified_gmt":"2025-02-11T20:37:16","slug":"fakhar-al-oud-the-white-oud-ard-al-zaafaran-unisex-100ml","status":"publish","type":"product","link":"https:\/\/orientalperfumes.be\/fr\/produit\/fakhar-al-oud-the-white-oud-ard-al-zaafaran-unisex-100ml\/","title":{"rendered":"Fakhar Al Oud The White Oud, Ard al Zaafaran, Unisex &#8211; 100ml"},"content":{"rendered":"","protected":false},"excerpt":{"rendered":"<p>Parfum pour\u00a0:\u00a0Les deux <\/p>\n<p>Quantit\u00e9 : 100 ml<\/p>\n<p>Type d'application : Vaporisateur<\/p>\n<p>Type of fragrance: Eau de Parfum (EDP)<\/p>\n<p>Brand: <a href=\"\/fr\/category\/ard-al-zaafaran\/\">Ard al Zaafaran<\/a><\/p>\n<div class=\"topNotes\">\n<p><b>Notes de t\u00eate :<\/b> Citrus<\/p>\n<\/div>\n<div class=\"middleNotes\">\n<p><b>Notes de c\u0153ur\u00a0:<\/b> Fruity notes<\/p>\n<\/div>\n<div class=\"basicNotes\">\n<p><b>Notes de fond\u00a0:<\/b> Fruity notes, Citrus<\/p>\n<\/div>\n<p>Fakhar Al Oud \u2013 The White Oud d'Ard Al Zaafaran est un parfum exceptionnel qui s'attache \u00e0 cr\u00e9er une harmonie entre des accords frais et musqu\u00e9s, avec une pointe d'agrumes pour \u00e9gayer la composition.<\/p>","protected":false},"featured_media":293,"comment_status":"open","ping_status":"closed","template":"","meta":[],"product_brand":[],"product_cat":[30,16,17,18],"product_tag":[58,51,239,41,231,39,40],"class_list":{"0":"post-292","1":"product","2":"type-product","3":"status-publish","4":"has-post-thumbnail","6":"product_cat-ard-al-zaafaran","7":"product_cat-perfumes-for-men","8":"product_cat-perfumes-for-woman","9":"product_cat-unisex","10":"product_tag-100ml","11":"product_tag-ard-al-zaafaran","12":"product_tag-citrus","13":"product_tag-eau-de-parfum-edp","14":"product_tag-fruity-notes","15":"product_tag-unisex","16":"product_tag-united-arab-emirates-uae","18":"first","19":"outofstock","20":"sale","21":"taxable","22":"shipping-taxable","23":"purchasable","24":"product-type-simple"},"aioseo_notices":[],"jetpack_sharing_enabled":true,"_links":{"self":[{"href":"https:\/\/orientalperfumes.be\/fr\/wp-json\/wp\/v2\/product\/292","targetHints":{"allow":["GET"]}}],"collection":[{"href":"https:\/\/orientalperfumes.be\/fr\/wp-json\/wp\/v2\/product"}],"about":[{"href":"https:\/\/orientalperfumes.be\/fr\/wp-json\/wp\/v2\/types\/product"}],"replies":[{"embeddable":true,"href":"https:\/\/orientalperfumes.be\/fr\/wp-json\/wp\/v2\/comments?post=292"}],"wp:featuredmedia":[{"embeddable":true,"href":"https:\/\/orientalperfumes.be\/fr\/wp-json\/wp\/v2\/media\/293"}],"wp:attachment":[{"href":"https:\/\/orientalperfumes.be\/fr\/wp-json\/wp\/v2\/media?parent=292"}],"wp:term":[{"taxonomy":"product_brand","embeddable":true,"href":"https:\/\/orientalperfumes.be\/fr\/wp-json\/wp\/v2\/product_brand?post=292"},{"taxonomy":"product_cat","embeddable":true,"href":"https:\/\/orientalperfumes.be\/fr\/wp-json\/wp\/v2\/product_cat?post=292"},{"taxonomy":"product_tag","embeddable":true,"href":"https:\/\/orientalperfumes.be\/fr\/wp-json\/wp\/v2\/product_tag?post=292"}],"curies":[{"name":"wp","href":"https:\/\/api.w.org\/{rel}","templated":true}]}}