{"id":286,"date":"2023-12-26T15:55:57","date_gmt":"2023-12-26T15:55:57","guid":{"rendered":"https:\/\/orientalperfumes.be\/?post_type=product&#038;p=286"},"modified":"2025-02-11T20:37:23","modified_gmt":"2025-02-11T20:37:23","slug":"al-saher-al-wataniah-for-woman-100ml","status":"publish","type":"product","link":"https:\/\/orientalperfumes.be\/fr\/produit\/al-saher-al-wataniah-for-woman-100ml\/","title":{"rendered":"Al Saher, Al Wataniah, For Woman &#8211; 100ml"},"content":{"rendered":"","protected":false},"excerpt":{"rendered":"<p>Parfum pour : Elle <\/p>\n<p>Quantit\u00e9 : 100 ml<\/p>\n<p>Type d'application : Vaporisateur<\/p>\n<p>Type of fragrance: Eau de Parfum (EDP)<\/p>\n<p>Brand: <a href=\"\/fr\/category\/al-wataniah\/\">Al Wataniah<\/a><\/p>\n<div class=\"topNotes\">\n<p><b>Notes de t\u00eate :<\/b> Fruity notes, pear<\/p>\n<\/div>\n<div class=\"middleNotes\">\n<p><b>Notes de c\u0153ur\u00a0:<\/b> tuberose, ylang-ylang, jasmine<\/p>\n<\/div>\n<div class=\"basicNotes\">\n<p><b>Notes de fond\u00a0:<\/b> amber, patchouli, musk<\/p>\n<\/div>\n<p>Laissez la magie des parfums invitants vous envelopper avec Al Saher. Avec des notes de poire et de poivre rose en t\u00eate, les notes de c\u0153ur sont compos\u00e9es de tub\u00e9reuse et de jasmin. <\/p>\n<p>Le parfum se termine ensuite par une combinaison unique d'ambre, de musc et de patchouli qui composent les notes de fond qui ont la capacit\u00e9 de jeter un sort dans n'importe quelle pi\u00e8ce dans laquelle vous entrez.<\/p>","protected":false},"featured_media":287,"comment_status":"open","ping_status":"closed","template":"","meta":[],"product_brand":[],"product_cat":[32,17],"product_tag":[58,74,66,41,231,233,49,65,232,199,40,76,234],"class_list":{"0":"post-286","1":"product","2":"type-product","3":"status-publish","4":"has-post-thumbnail","6":"product_cat-al-wataniah","7":"product_cat-perfumes-for-woman","8":"product_tag-100ml","9":"product_tag-al-wataniah","10":"product_tag-amber","11":"product_tag-eau-de-parfum-edp","12":"product_tag-fruity-notes","13":"product_tag-jasmine","14":"product_tag-musk","15":"product_tag-patchouli","16":"product_tag-pear","17":"product_tag-tuberose","18":"product_tag-united-arab-emirates-uae","19":"product_tag-woman","20":"product_tag-ylang-ylang","22":"first","23":"outofstock","24":"sale","25":"taxable","26":"shipping-taxable","27":"purchasable","28":"product-type-simple"},"aioseo_notices":[],"jetpack_sharing_enabled":true,"_links":{"self":[{"href":"https:\/\/orientalperfumes.be\/fr\/wp-json\/wp\/v2\/product\/286","targetHints":{"allow":["GET"]}}],"collection":[{"href":"https:\/\/orientalperfumes.be\/fr\/wp-json\/wp\/v2\/product"}],"about":[{"href":"https:\/\/orientalperfumes.be\/fr\/wp-json\/wp\/v2\/types\/product"}],"replies":[{"embeddable":true,"href":"https:\/\/orientalperfumes.be\/fr\/wp-json\/wp\/v2\/comments?post=286"}],"wp:featuredmedia":[{"embeddable":true,"href":"https:\/\/orientalperfumes.be\/fr\/wp-json\/wp\/v2\/media\/287"}],"wp:attachment":[{"href":"https:\/\/orientalperfumes.be\/fr\/wp-json\/wp\/v2\/media?parent=286"}],"wp:term":[{"taxonomy":"product_brand","embeddable":true,"href":"https:\/\/orientalperfumes.be\/fr\/wp-json\/wp\/v2\/product_brand?post=286"},{"taxonomy":"product_cat","embeddable":true,"href":"https:\/\/orientalperfumes.be\/fr\/wp-json\/wp\/v2\/product_cat?post=286"},{"taxonomy":"product_tag","embeddable":true,"href":"https:\/\/orientalperfumes.be\/fr\/wp-json\/wp\/v2\/product_tag?post=286"}],"curies":[{"name":"wp","href":"https:\/\/api.w.org\/{rel}","templated":true}]}}