{"id":278,"date":"2023-12-26T15:37:42","date_gmt":"2023-12-26T15:37:42","guid":{"rendered":"https:\/\/orientalperfumes.be\/?post_type=product&#038;p=278"},"modified":"2025-02-11T20:37:30","modified_gmt":"2025-02-11T20:37:30","slug":"golden-oud-lattafa-unisex-100ml","status":"publish","type":"product","link":"https:\/\/orientalperfumes.be\/fr\/produit\/golden-oud-lattafa-unisex-100ml\/","title":{"rendered":"Golden Oud, Lattafa, Unisex &#8211; 100ml"},"content":{"rendered":"","protected":false},"excerpt":{"rendered":"<p>Parfum pour\u00a0:\u00a0Les deux <\/p>\n<p>Quantit\u00e9 : 100 ml<\/p>\n<p>Type d'application : Vaporisateur<\/p>\n<p>Type of fragrance: Eau de Parfum (EDP)<\/p>\n<p>Brand: <a href=\"\/fr\/category\/asdaaf\/\">Asdaaf<\/a><\/p>\n<div class=\"topNotes\">\n<p><b>Notes de t\u00eate :<\/b> Fruity notes, Amber, Bergamot, Sandalwood<\/p>\n<\/div>\n<div class=\"middleNotes\">\n<p><b>Notes de c\u0153ur\u00a0:<\/b> Oud, Violets, Patchouli<\/p>\n<\/div>\n<div class=\"basicNotes\">\n<p><b>Notes de fond\u00a0:<\/b> Amber, Oakmoss, Vetiver, Caramel, Musk, Vanilla<\/p>\n<\/div>\n<p>Golden Oud nous accueille avec des notes de bergamote, de bois de santal, d'ambre, des notes fruit\u00e9es ; suivi du bois d'agar (oud), de la violette, du patchouli, laissant derri\u00e8re lui des tons d'ambre, de caramel, de musc, de mousse de ch\u00eane, de vanille et de v\u00e9tiver.<\/p>\n<p>Le parfum est parfaitement \u00e9quilibr\u00e9 : persistant, intense et peut \u00eatre port\u00e9 par temps frais, offrant une touche de sophistication suppl\u00e9mentaire.<\/p>","protected":false},"featured_media":279,"comment_status":"open","ping_status":"closed","template":"","meta":[],"product_brand":[],"product_cat":[34,16,17,18],"product_tag":[58,66,67,63,41,146,147,145,49,221,73,65,219,39,40,79,54,220],"class_list":{"0":"post-278","1":"product","2":"type-product","3":"status-publish","4":"has-post-thumbnail","6":"product_cat-lattafa","7":"product_cat-perfumes-for-men","8":"product_cat-perfumes-for-woman","9":"product_cat-unisex","10":"product_tag-100ml","11":"product_tag-amber","12":"product_tag-bergamot","13":"product_tag-caramel","14":"product_tag-eau-de-parfum-edp","15":"product_tag-floral","16":"product_tag-fruity","17":"product_tag-lattafa","18":"product_tag-musk","19":"product_tag-oak-moss","20":"product_tag-oud","21":"product_tag-patchouli","22":"product_tag-sandal-wood","23":"product_tag-unisex","24":"product_tag-united-arab-emirates-uae","25":"product_tag-vanilla","26":"product_tag-vetiver","27":"product_tag-violet-flower","29":"first","30":"outofstock","31":"sale","32":"taxable","33":"shipping-taxable","34":"purchasable","35":"product-type-simple"},"aioseo_notices":[],"jetpack_sharing_enabled":true,"_links":{"self":[{"href":"https:\/\/orientalperfumes.be\/fr\/wp-json\/wp\/v2\/product\/278","targetHints":{"allow":["GET"]}}],"collection":[{"href":"https:\/\/orientalperfumes.be\/fr\/wp-json\/wp\/v2\/product"}],"about":[{"href":"https:\/\/orientalperfumes.be\/fr\/wp-json\/wp\/v2\/types\/product"}],"replies":[{"embeddable":true,"href":"https:\/\/orientalperfumes.be\/fr\/wp-json\/wp\/v2\/comments?post=278"}],"wp:featuredmedia":[{"embeddable":true,"href":"https:\/\/orientalperfumes.be\/fr\/wp-json\/wp\/v2\/media\/279"}],"wp:attachment":[{"href":"https:\/\/orientalperfumes.be\/fr\/wp-json\/wp\/v2\/media?parent=278"}],"wp:term":[{"taxonomy":"product_brand","embeddable":true,"href":"https:\/\/orientalperfumes.be\/fr\/wp-json\/wp\/v2\/product_brand?post=278"},{"taxonomy":"product_cat","embeddable":true,"href":"https:\/\/orientalperfumes.be\/fr\/wp-json\/wp\/v2\/product_cat?post=278"},{"taxonomy":"product_tag","embeddable":true,"href":"https:\/\/orientalperfumes.be\/fr\/wp-json\/wp\/v2\/product_tag?post=278"}],"curies":[{"name":"wp","href":"https:\/\/api.w.org\/{rel}","templated":true}]}}