{"id":250,"date":"2023-12-26T13:40:13","date_gmt":"2023-12-26T13:40:13","guid":{"rendered":"https:\/\/orientalperfumes.be\/?post_type=product&#038;p=250"},"modified":"2024-12-12T16:03:22","modified_gmt":"2024-12-12T16:03:22","slug":"now-intense-rave-for-men-100ml","status":"publish","type":"product","link":"https:\/\/orientalperfumes.be\/fr\/produit\/now-intense-rave-for-men-100ml\/","title":{"rendered":"Now Intense, Rave, For Men &#8211; 100ml"},"content":{"rendered":"","protected":false},"excerpt":{"rendered":"<p>Parfum pour : Lui <\/p>\n<p>Quantit\u00e9 : 100 ml<\/p>\n<p>Type d'application : Vaporisateur<\/p>\n<p>Type of fragrance: Eau de Parfum (EDP)<\/p>\n<p>Brand: <a href=\"\/fr\/category\/rave\/\">Rave<\/a><\/p>\n<div class=\"topNotes\">\n<p><b>Notes de t\u00eate :<\/b> Watermelon, Mandarin, Cucumber;<\/p>\n<\/div>\n<div class=\"middleNotes\">\n<p><b>Notes de c\u0153ur\u00a0:<\/b> Sage, Basil;<\/p>\n<\/div>\n<div class=\"basicNotes\">\n<p><b>Notes de fond\u00a0:<\/b> Patchouli, Sandalwood, Cedarwood, Leather.<\/p>\n<\/div>\n<p>Ce parfum est un ar\u00f4me rafra\u00eechissant et stimulant qui combine des notes de fruits, d'herbes et de bois pour un ar\u00f4me unique et complexe. La past\u00e8que juteuse et sucr\u00e9e, la mandarine et le concombre croquant cr\u00e9ent une couche sup\u00e9rieure fra\u00eeche et \u00e9nergisante, tandis que la sauge et le basilic ajoutent une profondeur et une complexit\u00e9 subtiles.<\/p>","protected":false},"featured_media":251,"comment_status":"open","ping_status":"closed","template":"","meta":[],"product_brand":[],"product_cat":[16,33],"product_tag":[58,163,165,161,41,152,160,65,106,164,71,59,40,162],"class_list":{"0":"post-250","1":"product","2":"type-product","3":"status-publish","4":"has-post-thumbnail","6":"product_cat-perfumes-for-men","7":"product_cat-rave","8":"product_tag-100ml","9":"product_tag-basil","10":"product_tag-cedarwood","11":"product_tag-cucumber","12":"product_tag-eau-de-parfum-edp","13":"product_tag-leather","14":"product_tag-man","15":"product_tag-patchouli","16":"product_tag-rave","17":"product_tag-sage","18":"product_tag-sandalwood","19":"product_tag-tangerine","20":"product_tag-united-arab-emirates-uae","21":"product_tag-watermelon","23":"first","24":"outofstock","25":"sale","26":"taxable","27":"shipping-taxable","28":"purchasable","29":"product-type-simple"},"aioseo_notices":[],"jetpack_sharing_enabled":true,"_links":{"self":[{"href":"https:\/\/orientalperfumes.be\/fr\/wp-json\/wp\/v2\/product\/250","targetHints":{"allow":["GET"]}}],"collection":[{"href":"https:\/\/orientalperfumes.be\/fr\/wp-json\/wp\/v2\/product"}],"about":[{"href":"https:\/\/orientalperfumes.be\/fr\/wp-json\/wp\/v2\/types\/product"}],"replies":[{"embeddable":true,"href":"https:\/\/orientalperfumes.be\/fr\/wp-json\/wp\/v2\/comments?post=250"}],"wp:featuredmedia":[{"embeddable":true,"href":"https:\/\/orientalperfumes.be\/fr\/wp-json\/wp\/v2\/media\/251"}],"wp:attachment":[{"href":"https:\/\/orientalperfumes.be\/fr\/wp-json\/wp\/v2\/media?parent=250"}],"wp:term":[{"taxonomy":"product_brand","embeddable":true,"href":"https:\/\/orientalperfumes.be\/fr\/wp-json\/wp\/v2\/product_brand?post=250"},{"taxonomy":"product_cat","embeddable":true,"href":"https:\/\/orientalperfumes.be\/fr\/wp-json\/wp\/v2\/product_cat?post=250"},{"taxonomy":"product_tag","embeddable":true,"href":"https:\/\/orientalperfumes.be\/fr\/wp-json\/wp\/v2\/product_tag?post=250"}],"curies":[{"name":"wp","href":"https:\/\/api.w.org\/{rel}","templated":true}]}}