{"id":235,"date":"2023-12-26T13:01:51","date_gmt":"2023-12-26T13:01:51","guid":{"rendered":"https:\/\/orientalperfumes.be\/?post_type=product&#038;p=235"},"modified":"2024-12-12T16:04:03","modified_gmt":"2024-12-12T16:04:03","slug":"mithqal-ard-al-zaafaran-unisex-100ml","status":"publish","type":"product","link":"https:\/\/orientalperfumes.be\/fr\/produit\/mithqal-ard-al-zaafaran-unisex-100ml\/","title":{"rendered":"Mithqal, Ard Al Zaafaran, Unisex &#8211; 100ml"},"content":{"rendered":"","protected":false},"excerpt":{"rendered":"<p>Parfum pour\u00a0:\u00a0Les deux <\/p>\n<p>Quantit\u00e9 : 100 ml<\/p>\n<p>Type d'application : Vaporisateur<\/p>\n<p>Type of fragrance: Eau de Parfum (EDP)<\/p>\n<p>Brand: <a href=\"\/fr\/etiquette-produit\/ard-al-zaafaran\/\">Ard al Zaafaran<\/a><\/p>\n<div class=\"topNotes\">\n<p><b>Notes de t\u00eate :<\/b> bergamot, sea water, rose<\/p>\n<\/div>\n<div class=\"middleNotes\">\n<p><b>Notes de c\u0153ur\u00a0:<\/b> hibiscus, lily, rose<\/p>\n<\/div>\n<div class=\"basicNotes\">\n<p><b>Notes de fond\u00a0:<\/b> amber, mango, musk<\/p>\n<\/div>\n<p>Mithqal est un parfum unisexe \u00e0 l'ar\u00f4me chaud, doux et doux, ennobli par des notes musqu\u00e9es et des p\u00e9tales d'hibiscus, de lys et de rose.<\/p>\n<p>Commence frais avec de la bergamote et des notes aquatiques, puis se transforme en une fantastique pl\u00e9iade florale !<\/p>\n<p>Les notes de mangue en fond le transforment en un parfum l\u00e9g\u00e8rement gourmand.<\/p>","protected":false},"featured_media":236,"comment_status":"open","ping_status":"closed","template":"","meta":[],"product_brand":[],"product_cat":[30,16,17,18],"product_tag":[58,66,51,67,41,95,96,97,49,46,39,40],"class_list":{"0":"post-235","1":"product","2":"type-product","3":"status-publish","4":"has-post-thumbnail","6":"product_cat-ard-al-zaafaran","7":"product_cat-perfumes-for-men","8":"product_cat-perfumes-for-woman","9":"product_cat-unisex","10":"product_tag-100ml","11":"product_tag-amber","12":"product_tag-ard-al-zaafaran","13":"product_tag-bergamot","14":"product_tag-eau-de-parfum-edp","15":"product_tag-hibiscus","16":"product_tag-lily","17":"product_tag-mango","18":"product_tag-musk","19":"product_tag-rose","20":"product_tag-unisex","21":"product_tag-united-arab-emirates-uae","23":"first","24":"outofstock","25":"sale","26":"taxable","27":"shipping-taxable","28":"purchasable","29":"product-type-simple"},"aioseo_notices":[],"jetpack_sharing_enabled":true,"_links":{"self":[{"href":"https:\/\/orientalperfumes.be\/fr\/wp-json\/wp\/v2\/product\/235","targetHints":{"allow":["GET"]}}],"collection":[{"href":"https:\/\/orientalperfumes.be\/fr\/wp-json\/wp\/v2\/product"}],"about":[{"href":"https:\/\/orientalperfumes.be\/fr\/wp-json\/wp\/v2\/types\/product"}],"replies":[{"embeddable":true,"href":"https:\/\/orientalperfumes.be\/fr\/wp-json\/wp\/v2\/comments?post=235"}],"wp:featuredmedia":[{"embeddable":true,"href":"https:\/\/orientalperfumes.be\/fr\/wp-json\/wp\/v2\/media\/236"}],"wp:attachment":[{"href":"https:\/\/orientalperfumes.be\/fr\/wp-json\/wp\/v2\/media?parent=235"}],"wp:term":[{"taxonomy":"product_brand","embeddable":true,"href":"https:\/\/orientalperfumes.be\/fr\/wp-json\/wp\/v2\/product_brand?post=235"},{"taxonomy":"product_cat","embeddable":true,"href":"https:\/\/orientalperfumes.be\/fr\/wp-json\/wp\/v2\/product_cat?post=235"},{"taxonomy":"product_tag","embeddable":true,"href":"https:\/\/orientalperfumes.be\/fr\/wp-json\/wp\/v2\/product_tag?post=235"}],"curies":[{"name":"wp","href":"https:\/\/api.w.org\/{rel}","templated":true}]}}