{"id":228,"date":"2023-12-26T10:25:03","date_gmt":"2023-12-26T10:25:03","guid":{"rendered":"https:\/\/orientalperfumes.be\/?post_type=product&#038;p=228"},"modified":"2025-02-11T20:37:50","modified_gmt":"2025-02-11T20:37:50","slug":"durrat-al-aroos-al-wataniah-for-woman-85ml","status":"publish","type":"product","link":"https:\/\/orientalperfumes.be\/fr\/produit\/durrat-al-aroos-al-wataniah-for-woman-85ml\/","title":{"rendered":"Durrat al Aroos, Al Wataniah, For Woman &#8211; 85ml"},"content":{"rendered":"","protected":false},"excerpt":{"rendered":"<p>Parfum pour : Elle <\/p>\n<p>Quantit\u00e9 : 85 ml<\/p>\n<p>Type d'application : Vaporisateur<\/p>\n<p>Type of fragrance: Eau de Parfum (EDP)<\/p>\n<p>Brand: <a href=\"\/fr\/etiquette-produit\/al-wataniah\/\">Al Wataniah<\/a><\/p>\n<div class=\"topNotes\">\n<p><b>Notes de t\u00eate :<\/b> white musk, cypriol oil<\/p>\n<\/div>\n<div class=\"middleNotes\">\n<p><b>Notes de c\u0153ur\u00a0:<\/b> vanilla, cardamom, saffron, orchid<\/p>\n<\/div>\n<div class=\"basicNotes\">\n<p><b>Notes de fond\u00a0:<\/b> tonka bean, guaiac wood, sandalwood, amber<\/p>\n<\/div>\n<p>Un parfum intense, complexe et myst\u00e9rieux qui vous enchantera par ses accords \u00e9pic\u00e9s, par la douceur de l'ambre, du bois de santal et de l'orchid\u00e9e, par la douceur du musc et la pr\u00e9sence de l'huile de cypriol.<\/p>\n<p>Portez-le lorsque vous voulez vous sentir sp\u00e9cial, unique et sans barri\u00e8res !<\/p>","protected":false},"featured_media":229,"comment_status":"open","ping_status":"closed","template":"","meta":[],"product_brand":[],"product_cat":[32,17],"product_tag":[75,74,66,78,77,41,80,60,62,71,47,40,79,72,76],"class_list":{"0":"post-228","1":"product","2":"type-product","3":"status-publish","4":"has-post-thumbnail","6":"product_cat-al-wataniah","7":"product_cat-perfumes-for-woman","8":"product_tag-85ml","9":"product_tag-al-wataniah","10":"product_tag-amber","11":"product_tag-cardamom","12":"product_tag-cypriol-oil","13":"product_tag-eau-de-parfum-edp","14":"product_tag-guaiac-wood","15":"product_tag-orchid","16":"product_tag-saffron","17":"product_tag-sandalwood","18":"product_tag-tonka-beans","19":"product_tag-united-arab-emirates-uae","20":"product_tag-vanilla","21":"product_tag-white-musk","22":"product_tag-woman","24":"first","25":"outofstock","26":"sale","27":"taxable","28":"shipping-taxable","29":"purchasable","30":"product-type-simple"},"aioseo_notices":[],"jetpack_sharing_enabled":true,"_links":{"self":[{"href":"https:\/\/orientalperfumes.be\/fr\/wp-json\/wp\/v2\/product\/228","targetHints":{"allow":["GET"]}}],"collection":[{"href":"https:\/\/orientalperfumes.be\/fr\/wp-json\/wp\/v2\/product"}],"about":[{"href":"https:\/\/orientalperfumes.be\/fr\/wp-json\/wp\/v2\/types\/product"}],"replies":[{"embeddable":true,"href":"https:\/\/orientalperfumes.be\/fr\/wp-json\/wp\/v2\/comments?post=228"}],"wp:featuredmedia":[{"embeddable":true,"href":"https:\/\/orientalperfumes.be\/fr\/wp-json\/wp\/v2\/media\/229"}],"wp:attachment":[{"href":"https:\/\/orientalperfumes.be\/fr\/wp-json\/wp\/v2\/media?parent=228"}],"wp:term":[{"taxonomy":"product_brand","embeddable":true,"href":"https:\/\/orientalperfumes.be\/fr\/wp-json\/wp\/v2\/product_brand?post=228"},{"taxonomy":"product_cat","embeddable":true,"href":"https:\/\/orientalperfumes.be\/fr\/wp-json\/wp\/v2\/product_cat?post=228"},{"taxonomy":"product_tag","embeddable":true,"href":"https:\/\/orientalperfumes.be\/fr\/wp-json\/wp\/v2\/product_tag?post=228"}],"curies":[{"name":"wp","href":"https:\/\/api.w.org\/{rel}","templated":true}]}}