{"id":224,"date":"2023-12-26T10:15:37","date_gmt":"2023-12-26T10:15:37","guid":{"rendered":"https:\/\/orientalperfumes.be\/?post_type=product&#038;p=224"},"modified":"2024-12-12T16:04:25","modified_gmt":"2024-12-12T16:04:25","slug":"dirham-oud-ard-al-zaafaran-unisex-100ml","status":"publish","type":"product","link":"https:\/\/orientalperfumes.be\/fr\/produit\/dirham-oud-ard-al-zaafaran-unisex-100ml\/","title":{"rendered":"Dirham Oud, Ard Al Zaafaran, Unisex &#8211; 100ml"},"content":{"rendered":"","protected":false},"excerpt":{"rendered":"<p>Parfum pour\u00a0:\u00a0Les deux <\/p>\n<p>Quantit\u00e9 : 100 ml<\/p>\n<p>Type d'application : Vaporisateur<\/p>\n<p>Type of fragrance: Eau de Parfum (EDP)<\/p>\n<p>Brand: <a href=\"\/fr\/etiquette-produit\/ard-al-zaafaran\/\">Ard al Zaafaran<\/a><\/p>\n<div class=\"topNotes\">\n<p><b>Notes de t\u00eate :<\/b> Bergamot, Lemon, Raspberry;<\/p>\n<\/div>\n<div class=\"middleNotes\">\n<p><b>Notes de c\u0153ur\u00a0:<\/b> Rose, Lavender, Sandalwood;<\/p>\n<\/div>\n<div class=\"basicNotes\">\n<p><b>Notes de fond\u00a0:<\/b> Oud, Cedarwood, White Musk, Amber.<\/p>\n<\/div>\n<p>Le parfum arabe Dirham Oud convient aussi bien \u00e0 elle qu'\u00e0 lui, \u00e9tant recommand\u00e9 pour tous les jours, gr\u00e2ce aux tons d'agrumes et de fleurs qui offrent une odeur fra\u00eeche, id\u00e9ale pour les journ\u00e9es chaudes !<\/p>\n<p>Un parfum \u00e9l\u00e9gant, complexe et sp\u00e9cial !<\/p>","protected":false},"featured_media":225,"comment_status":"open","ping_status":"closed","template":"","meta":[],"product_brand":[],"product_cat":[30,16,17,18],"product_tag":[58,66,51,67,48,41,70,68,73,69,46,71,39,40,72],"class_list":{"0":"post-224","1":"product","2":"type-product","3":"status-publish","4":"has-post-thumbnail","6":"product_cat-ard-al-zaafaran","7":"product_cat-perfumes-for-men","8":"product_cat-perfumes-for-woman","9":"product_cat-unisex","10":"product_tag-100ml","11":"product_tag-amber","12":"product_tag-ard-al-zaafaran","13":"product_tag-bergamot","14":"product_tag-cedar-wood","15":"product_tag-eau-de-parfum-edp","16":"product_tag-lavender","17":"product_tag-lemon","18":"product_tag-oud","19":"product_tag-raspberry","20":"product_tag-rose","21":"product_tag-sandalwood","22":"product_tag-unisex","23":"product_tag-united-arab-emirates-uae","24":"product_tag-white-musk","26":"first","27":"outofstock","28":"sale","29":"taxable","30":"shipping-taxable","31":"purchasable","32":"product-type-simple"},"aioseo_notices":[],"jetpack_sharing_enabled":true,"_links":{"self":[{"href":"https:\/\/orientalperfumes.be\/fr\/wp-json\/wp\/v2\/product\/224","targetHints":{"allow":["GET"]}}],"collection":[{"href":"https:\/\/orientalperfumes.be\/fr\/wp-json\/wp\/v2\/product"}],"about":[{"href":"https:\/\/orientalperfumes.be\/fr\/wp-json\/wp\/v2\/types\/product"}],"replies":[{"embeddable":true,"href":"https:\/\/orientalperfumes.be\/fr\/wp-json\/wp\/v2\/comments?post=224"}],"wp:featuredmedia":[{"embeddable":true,"href":"https:\/\/orientalperfumes.be\/fr\/wp-json\/wp\/v2\/media\/225"}],"wp:attachment":[{"href":"https:\/\/orientalperfumes.be\/fr\/wp-json\/wp\/v2\/media?parent=224"}],"wp:term":[{"taxonomy":"product_brand","embeddable":true,"href":"https:\/\/orientalperfumes.be\/fr\/wp-json\/wp\/v2\/product_brand?post=224"},{"taxonomy":"product_cat","embeddable":true,"href":"https:\/\/orientalperfumes.be\/fr\/wp-json\/wp\/v2\/product_cat?post=224"},{"taxonomy":"product_tag","embeddable":true,"href":"https:\/\/orientalperfumes.be\/fr\/wp-json\/wp\/v2\/product_tag?post=224"}],"curies":[{"name":"wp","href":"https:\/\/api.w.org\/{rel}","templated":true}]}}